{"id":3561,"date":"2021-03-23T08:44:24","date_gmt":"2021-03-23T08:44:24","guid":{"rendered":"https:\/\/www.thedetective.ch\/affaires-closes\/"},"modified":"2024-04-16T20:28:57","modified_gmt":"2024-04-16T20:28:57","slug":"affaires-closes","status":"publish","type":"page","link":"https:\/\/www.thedetective.ch\/fr\/affaires-closes\/","title":{"rendered":"Affaires closes"},"content":{"rendered":"\t\t<div data-elementor-type=\"wp-page\" data-elementor-id=\"3561\" class=\"elementor elementor-3561 elementor-969\">\n\t\t\t\t<div class=\"elementor-element elementor-element-04f90d0 e-flex e-con-boxed e-con e-parent\" data-id=\"04f90d0\" data-element_type=\"container\" data-e-type=\"container\">\n\t\t\t\t\t<div class=\"e-con-inner\">\n\t\t\t\t<div class=\"elementor-element elementor-element-d580f57 elementor-widget elementor-widget-spacer\" data-id=\"d580f57\" data-element_type=\"widget\" data-e-type=\"widget\" data-widget_type=\"spacer.default\">\n\t\t\t\t<div class=\"elementor-widget-container\">\n\t\t\t\t\t\t\t<div class=\"elementor-spacer\">\n\t\t\t<div class=\"elementor-spacer-inner\"><\/div>\n\t\t<\/div>\n\t\t\t\t\t\t<\/div>\n\t\t\t\t<\/div>\n\t\t\t\t\t<\/div>\n\t\t\t\t<\/div>\n\t\t<div class=\"elementor-element elementor-element-1c93d6c e-flex e-con-boxed e-con e-parent\" data-id=\"1c93d6c\" data-element_type=\"container\" data-e-type=\"container\">\n\t\t\t\t\t<div class=\"e-con-inner\">\n\t\t\t\t<div class=\"elementor-element elementor-element-7fa8dd1 elementor-widget elementor-widget-inestit_call_to_action\" data-id=\"7fa8dd1\" data-element_type=\"widget\" data-e-type=\"widget\" data-settings=\"{&quot;_animation&quot;:&quot;none&quot;}\" data-widget_type=\"inestit_call_to_action.default\">\n\t\t\t\t<div class=\"elementor-widget-container\">\n\t\t\t\t\t            <section class=\"cta-style-two\">\r\n                <div class=\"outer-container clearfix\">\r\n                                            <div class=\"single-item\">\r\n                            <div class=\"inner-box\">\r\n                                <figure class=\"image-box\">\r\n                                    <img fetchpriority=\"high\" decoding=\"async\" width=\"500\" height=\"500\" src=\"https:\/\/i0.wp.com\/www.thedetective.ch\/wp-content\/uploads\/2024\/03\/Cars.jpg?fit=500%2C500&amp;ssl=1\" class=\"attachment-full size-full\" alt=\"\" \/>                                <\/figure>\r\n                                <h2>L'homme aux 10 voitures...<\/h2>\r\n                                <a href=\"https:\/\/www.thedetective.ch\/fr\/case\/lhomme-aux-10-voitures\/  \" class=\"theme-btn-one\">Voir cette affaire<\/a>\r\n                            <\/div>\r\n                        <\/div>\r\n                                            <div class=\"single-item\">\r\n                            <div class=\"inner-box\">\r\n                                <figure class=\"image-box\">\r\n                                    <img decoding=\"async\" width=\"500\" height=\"500\" src=\"https:\/\/i0.wp.com\/www.thedetective.ch\/wp-content\/uploads\/2024\/03\/Grandma.jpg?fit=500%2C500&amp;ssl=1\" class=\"attachment-full size-full\" alt=\"\" \/>                                <\/figure>\r\n                                <h2>Le compte de la grand-m\u00e8re...<\/h2>\r\n                                <a href=\"https:\/\/www.thedetective.ch\/fr\/case\/le-compte-en-banque-de-la-grand-mere\/  \" class=\"theme-btn-one\">Voir cette affaire<\/a>\r\n                            <\/div>\r\n                        <\/div>\r\n                                            <div class=\"single-item\">\r\n                            <div class=\"inner-box\">\r\n                                <figure class=\"image-box\">\r\n                                    <img decoding=\"async\" width=\"500\" height=\"500\" src=\"https:\/\/i0.wp.com\/www.thedetective.ch\/wp-content\/uploads\/2024\/03\/Reception.jpg?fit=500%2C500&amp;ssl=1\" class=\"attachment-full size-full\" alt=\"\" \/>                                <\/figure>\r\n                                <h2>L'astucieuse...<\/h2>\r\n                                <a href=\"https:\/\/www.thedetective.ch\/fr\/case\/lastucieuse\/  \" class=\"theme-btn-one\">Voir cette affaire<\/a>\r\n                            <\/div>\r\n                        <\/div>\r\n                                            <div class=\"single-item\">\r\n                            <div class=\"inner-box\">\r\n                                <figure class=\"image-box\">\r\n                                    <img loading=\"lazy\" decoding=\"async\" width=\"500\" height=\"500\" src=\"https:\/\/i0.wp.com\/www.thedetective.ch\/wp-content\/uploads\/2024\/03\/Unknown-man.jpg?fit=500%2C500&amp;ssl=1\" class=\"attachment-full size-full\" alt=\"\" \/>                                <\/figure>\r\n                                <h2>L'homme sans nom...<\/h2>\r\n                                <a href=\"https:\/\/www.thedetective.ch\/fr\/case\/lhomme-sans-nom\/  \" class=\"theme-btn-one\">Voir cette affaire<\/a>\r\n                            <\/div>\r\n                        <\/div>\r\n                                            <div class=\"single-item\">\r\n                            <div class=\"inner-box\">\r\n                                <figure class=\"image-box\">\r\n                                    <img loading=\"lazy\" decoding=\"async\" width=\"500\" height=\"500\" src=\"https:\/\/i0.wp.com\/www.thedetective.ch\/wp-content\/uploads\/2024\/03\/Dubai.jpg?fit=500%2C500&amp;ssl=1\" class=\"attachment-full size-full\" alt=\"\" \/>                                <\/figure>\r\n                                <h2>L'homme qui parlait le russe...<\/h2>\r\n                                <a href=\"https:\/\/www.thedetective.ch\/fr\/case\/lhomme-qui-parlait-le-russe\/  \" class=\"theme-btn-one\">Voir cette affaire<\/a>\r\n                            <\/div>\r\n                        <\/div>\r\n                                            <div class=\"single-item\">\r\n                            <div class=\"inner-box\">\r\n                                <figure class=\"image-box\">\r\n                                    <img loading=\"lazy\" decoding=\"async\" width=\"500\" height=\"500\" src=\"https:\/\/i0.wp.com\/www.thedetective.ch\/wp-content\/uploads\/2024\/03\/emails.jpg?fit=500%2C500&amp;ssl=1\" class=\"attachment-full size-full\" alt=\"\" \/>                                <\/figure>\r\n                                <h2>Qui \u00e9crit des emails mena\u00e7ants ?<\/h2>\r\n                                <a href=\"https:\/\/www.thedetective.ch\/fr\/case\/qui-ecrit-des-emails-menacants\/  \" class=\"theme-btn-one\">Voir cette affaire<\/a>\r\n                            <\/div>\r\n                        <\/div>\r\n                                    <\/div>\r\n            <\/section>\r\n        \t\t\t\t<\/div>\n\t\t\t\t<\/div>\n\t\t\t\t\t<\/div>\n\t\t\t\t<\/div>\n\t\t\t\t<\/div>\n\t\t","protected":false},"excerpt":{"rendered":"<p>L&rsquo;homme aux 10 voitures&#8230; Voir cette affaire Le compte de la grand-m\u00e8re&#8230; Voir cette affaire L&rsquo;astucieuse&#8230; Voir cette affaire L&rsquo;homme sans nom&#8230; Voir cette affaire L&rsquo;homme qui parlait le russe&#8230; Voir cette affaire Qui \u00e9crit des emails mena\u00e7ants ? Voir cette affaire<\/p>\n","protected":false},"author":2,"featured_media":2986,"parent":0,"menu_order":0,"comment_status":"closed","ping_status":"closed","template":"elementor_header_footer","meta":{"footnotes":""},"class_list":["post-3561","page","type-page","status-publish","has-post-thumbnail","hentry"],"yoast_head":"<!-- This site is optimized with the Yoast SEO plugin v27.4 - https:\/\/yoast.com\/product\/yoast-seo-wordpress\/ -->\n<title>Affaires closes - The Detective<\/title>\n<meta name=\"description\" content=\"Un aper\u00e7u repr\u00e9sentatif d&#039;affaires r\u00e9solues : ces exemples d&#039;enqu\u00eates closes montrent le savoir-faire de LIP Agence de d\u00e9tective priv\u00e9...\" \/>\n<meta name=\"robots\" content=\"index, follow, max-snippet:-1, max-image-preview:large, max-video-preview:-1\" \/>\n<link rel=\"canonical\" href=\"https:\/\/www.thedetective.ch\/fr\/affaires-closes\/\" \/>\n<meta property=\"og:locale\" content=\"fr_FR\" \/>\n<meta property=\"og:type\" content=\"article\" \/>\n<meta property=\"og:title\" content=\"Affaires closes - The Detective\" \/>\n<meta property=\"og:description\" content=\"Un aper\u00e7u repr\u00e9sentatif d&#039;affaires r\u00e9solues : ces exemples d&#039;enqu\u00eates closes montrent le savoir-faire de LIP Agence de d\u00e9tective priv\u00e9...\" \/>\n<meta property=\"og:url\" content=\"https:\/\/www.thedetective.ch\/fr\/affaires-closes\/\" \/>\n<meta property=\"og:site_name\" content=\"The Detective\" \/>\n<meta property=\"article:modified_time\" content=\"2024-04-16T20:28:57+00:00\" \/>\n<meta property=\"og:image\" content=\"https:\/\/www.thedetective.ch\/wp-content\/uploads\/2021\/03\/page-title.jpg\" \/>\n\t<meta property=\"og:image:width\" content=\"1600\" \/>\n\t<meta property=\"og:image:height\" content=\"373\" \/>\n\t<meta property=\"og:image:type\" content=\"image\/jpeg\" \/>\n<meta name=\"twitter:card\" content=\"summary_large_image\" \/>\n<meta name=\"twitter:label1\" content=\"Dur\u00e9e de lecture estim\u00e9e\" \/>\n\t<meta name=\"twitter:data1\" content=\"2 minutes\" \/>\n<script type=\"application\/ld+json\" class=\"yoast-schema-graph\">{\"@context\":\"https:\\\/\\\/schema.org\",\"@graph\":[{\"@type\":\"WebPage\",\"@id\":\"https:\\\/\\\/www.thedetective.ch\\\/fr\\\/affaires-closes\\\/\",\"url\":\"https:\\\/\\\/www.thedetective.ch\\\/fr\\\/affaires-closes\\\/\",\"name\":\"Affaires closes - The Detective\",\"isPartOf\":{\"@id\":\"https:\\\/\\\/www.thedetective.ch\\\/fr\\\/#website\"},\"primaryImageOfPage\":{\"@id\":\"https:\\\/\\\/www.thedetective.ch\\\/fr\\\/affaires-closes\\\/#primaryimage\"},\"image\":{\"@id\":\"https:\\\/\\\/www.thedetective.ch\\\/fr\\\/affaires-closes\\\/#primaryimage\"},\"thumbnailUrl\":\"https:\\\/\\\/i0.wp.com\\\/www.thedetective.ch\\\/wp-content\\\/uploads\\\/2021\\\/03\\\/page-title.jpg?fit=1600%2C373&ssl=1\",\"datePublished\":\"2021-03-23T08:44:24+00:00\",\"dateModified\":\"2024-04-16T20:28:57+00:00\",\"description\":\"Un aper\u00e7u repr\u00e9sentatif d'affaires r\u00e9solues : ces exemples d'enqu\u00eates closes montrent le savoir-faire de LIP Agence de d\u00e9tective priv\u00e9...\",\"breadcrumb\":{\"@id\":\"https:\\\/\\\/www.thedetective.ch\\\/fr\\\/affaires-closes\\\/#breadcrumb\"},\"inLanguage\":\"fr-FR\",\"potentialAction\":[{\"@type\":\"ReadAction\",\"target\":[\"https:\\\/\\\/www.thedetective.ch\\\/fr\\\/affaires-closes\\\/\"]}]},{\"@type\":\"ImageObject\",\"inLanguage\":\"fr-FR\",\"@id\":\"https:\\\/\\\/www.thedetective.ch\\\/fr\\\/affaires-closes\\\/#primaryimage\",\"url\":\"https:\\\/\\\/i0.wp.com\\\/www.thedetective.ch\\\/wp-content\\\/uploads\\\/2021\\\/03\\\/page-title.jpg?fit=1600%2C373&ssl=1\",\"contentUrl\":\"https:\\\/\\\/i0.wp.com\\\/www.thedetective.ch\\\/wp-content\\\/uploads\\\/2021\\\/03\\\/page-title.jpg?fit=1600%2C373&ssl=1\",\"width\":1600,\"height\":373},{\"@type\":\"BreadcrumbList\",\"@id\":\"https:\\\/\\\/www.thedetective.ch\\\/fr\\\/affaires-closes\\\/#breadcrumb\",\"itemListElement\":[{\"@type\":\"ListItem\",\"position\":1,\"name\":\"Home\",\"item\":\"https:\\\/\\\/www.thedetective.ch\\\/fr\\\/\"},{\"@type\":\"ListItem\",\"position\":2,\"name\":\"Affaires closes\"}]},{\"@type\":\"WebSite\",\"@id\":\"https:\\\/\\\/www.thedetective.ch\\\/fr\\\/#website\",\"url\":\"https:\\\/\\\/www.thedetective.ch\\\/fr\\\/\",\"name\":\"The Detective\",\"description\":\"LIP\",\"publisher\":{\"@id\":\"https:\\\/\\\/www.thedetective.ch\\\/fr\\\/#organization\"},\"alternateName\":\"LAMARCHE PRIVATE INVESTIGATIONS\",\"potentialAction\":[{\"@type\":\"SearchAction\",\"target\":{\"@type\":\"EntryPoint\",\"urlTemplate\":\"https:\\\/\\\/www.thedetective.ch\\\/fr\\\/?s={search_term_string}\"},\"query-input\":{\"@type\":\"PropertyValueSpecification\",\"valueRequired\":true,\"valueName\":\"search_term_string\"}}],\"inLanguage\":\"fr-FR\"},{\"@type\":\"Organization\",\"@id\":\"https:\\\/\\\/www.thedetective.ch\\\/fr\\\/#organization\",\"name\":\"LIP - Lamarche Investigations Priv\u00e9es\",\"url\":\"https:\\\/\\\/www.thedetective.ch\\\/fr\\\/\",\"logo\":{\"@type\":\"ImageObject\",\"inLanguage\":\"fr-FR\",\"@id\":\"https:\\\/\\\/www.thedetective.ch\\\/fr\\\/#\\\/schema\\\/logo\\\/image\\\/\",\"url\":\"https:\\\/\\\/i0.wp.com\\\/www.thedetective.ch\\\/wp-content\\\/uploads\\\/2025\\\/04\\\/LIP250.png?fit=250%2C250&ssl=1\",\"contentUrl\":\"https:\\\/\\\/i0.wp.com\\\/www.thedetective.ch\\\/wp-content\\\/uploads\\\/2025\\\/04\\\/LIP250.png?fit=250%2C250&ssl=1\",\"width\":250,\"height\":250,\"caption\":\"LIP - Lamarche Investigations Priv\u00e9es\"},\"image\":{\"@id\":\"https:\\\/\\\/www.thedetective.ch\\\/fr\\\/#\\\/schema\\\/logo\\\/image\\\/\"},\"sameAs\":[\"https:\\\/\\\/ch.linkedin.com\\\/in\\\/philippe-lamarche-3b0b8b146\"]}]}<\/script>\n<!-- \/ Yoast SEO plugin. -->","yoast_head_json":{"title":"Affaires closes - The Detective","description":"Un aper\u00e7u repr\u00e9sentatif d'affaires r\u00e9solues : ces exemples d'enqu\u00eates closes montrent le savoir-faire de LIP Agence de d\u00e9tective priv\u00e9...","robots":{"index":"index","follow":"follow","max-snippet":"max-snippet:-1","max-image-preview":"max-image-preview:large","max-video-preview":"max-video-preview:-1"},"canonical":"https:\/\/www.thedetective.ch\/fr\/affaires-closes\/","og_locale":"fr_FR","og_type":"article","og_title":"Affaires closes - The Detective","og_description":"Un aper\u00e7u repr\u00e9sentatif d'affaires r\u00e9solues : ces exemples d'enqu\u00eates closes montrent le savoir-faire de LIP Agence de d\u00e9tective priv\u00e9...","og_url":"https:\/\/www.thedetective.ch\/fr\/affaires-closes\/","og_site_name":"The Detective","article_modified_time":"2024-04-16T20:28:57+00:00","og_image":[{"width":1600,"height":373,"url":"https:\/\/www.thedetective.ch\/wp-content\/uploads\/2021\/03\/page-title.jpg","type":"image\/jpeg"}],"twitter_card":"summary_large_image","twitter_misc":{"Dur\u00e9e de lecture estim\u00e9e":"2 minutes"},"schema":{"@context":"https:\/\/schema.org","@graph":[{"@type":"WebPage","@id":"https:\/\/www.thedetective.ch\/fr\/affaires-closes\/","url":"https:\/\/www.thedetective.ch\/fr\/affaires-closes\/","name":"Affaires closes - The Detective","isPartOf":{"@id":"https:\/\/www.thedetective.ch\/fr\/#website"},"primaryImageOfPage":{"@id":"https:\/\/www.thedetective.ch\/fr\/affaires-closes\/#primaryimage"},"image":{"@id":"https:\/\/www.thedetective.ch\/fr\/affaires-closes\/#primaryimage"},"thumbnailUrl":"https:\/\/i0.wp.com\/www.thedetective.ch\/wp-content\/uploads\/2021\/03\/page-title.jpg?fit=1600%2C373&ssl=1","datePublished":"2021-03-23T08:44:24+00:00","dateModified":"2024-04-16T20:28:57+00:00","description":"Un aper\u00e7u repr\u00e9sentatif d'affaires r\u00e9solues : ces exemples d'enqu\u00eates closes montrent le savoir-faire de LIP Agence de d\u00e9tective priv\u00e9...","breadcrumb":{"@id":"https:\/\/www.thedetective.ch\/fr\/affaires-closes\/#breadcrumb"},"inLanguage":"fr-FR","potentialAction":[{"@type":"ReadAction","target":["https:\/\/www.thedetective.ch\/fr\/affaires-closes\/"]}]},{"@type":"ImageObject","inLanguage":"fr-FR","@id":"https:\/\/www.thedetective.ch\/fr\/affaires-closes\/#primaryimage","url":"https:\/\/i0.wp.com\/www.thedetective.ch\/wp-content\/uploads\/2021\/03\/page-title.jpg?fit=1600%2C373&ssl=1","contentUrl":"https:\/\/i0.wp.com\/www.thedetective.ch\/wp-content\/uploads\/2021\/03\/page-title.jpg?fit=1600%2C373&ssl=1","width":1600,"height":373},{"@type":"BreadcrumbList","@id":"https:\/\/www.thedetective.ch\/fr\/affaires-closes\/#breadcrumb","itemListElement":[{"@type":"ListItem","position":1,"name":"Home","item":"https:\/\/www.thedetective.ch\/fr\/"},{"@type":"ListItem","position":2,"name":"Affaires closes"}]},{"@type":"WebSite","@id":"https:\/\/www.thedetective.ch\/fr\/#website","url":"https:\/\/www.thedetective.ch\/fr\/","name":"The Detective","description":"LIP","publisher":{"@id":"https:\/\/www.thedetective.ch\/fr\/#organization"},"alternateName":"LAMARCHE PRIVATE INVESTIGATIONS","potentialAction":[{"@type":"SearchAction","target":{"@type":"EntryPoint","urlTemplate":"https:\/\/www.thedetective.ch\/fr\/?s={search_term_string}"},"query-input":{"@type":"PropertyValueSpecification","valueRequired":true,"valueName":"search_term_string"}}],"inLanguage":"fr-FR"},{"@type":"Organization","@id":"https:\/\/www.thedetective.ch\/fr\/#organization","name":"LIP - Lamarche Investigations Priv\u00e9es","url":"https:\/\/www.thedetective.ch\/fr\/","logo":{"@type":"ImageObject","inLanguage":"fr-FR","@id":"https:\/\/www.thedetective.ch\/fr\/#\/schema\/logo\/image\/","url":"https:\/\/i0.wp.com\/www.thedetective.ch\/wp-content\/uploads\/2025\/04\/LIP250.png?fit=250%2C250&ssl=1","contentUrl":"https:\/\/i0.wp.com\/www.thedetective.ch\/wp-content\/uploads\/2025\/04\/LIP250.png?fit=250%2C250&ssl=1","width":250,"height":250,"caption":"LIP - Lamarche Investigations Priv\u00e9es"},"image":{"@id":"https:\/\/www.thedetective.ch\/fr\/#\/schema\/logo\/image\/"},"sameAs":["https:\/\/ch.linkedin.com\/in\/philippe-lamarche-3b0b8b146"]}]}},"jetpack_sharing_enabled":true,"_links":{"self":[{"href":"https:\/\/www.thedetective.ch\/fr\/wp-json\/wp\/v2\/pages\/3561","targetHints":{"allow":["GET"]}}],"collection":[{"href":"https:\/\/www.thedetective.ch\/fr\/wp-json\/wp\/v2\/pages"}],"about":[{"href":"https:\/\/www.thedetective.ch\/fr\/wp-json\/wp\/v2\/types\/page"}],"author":[{"embeddable":true,"href":"https:\/\/www.thedetective.ch\/fr\/wp-json\/wp\/v2\/users\/2"}],"replies":[{"embeddable":true,"href":"https:\/\/www.thedetective.ch\/fr\/wp-json\/wp\/v2\/comments?post=3561"}],"version-history":[{"count":0,"href":"https:\/\/www.thedetective.ch\/fr\/wp-json\/wp\/v2\/pages\/3561\/revisions"}],"wp:featuredmedia":[{"embeddable":true,"href":"https:\/\/www.thedetective.ch\/fr\/wp-json\/wp\/v2\/media\/2986"}],"wp:attachment":[{"href":"https:\/\/www.thedetective.ch\/fr\/wp-json\/wp\/v2\/media?parent=3561"}],"curies":[{"name":"wp","href":"https:\/\/api.w.org\/{rel}","templated":true}]}}