{"id":3614,"date":"2023-12-15T11:58:21","date_gmt":"2023-12-15T11:58:21","guid":{"rendered":"https:\/\/www.thedetective.ch\/renseignement-de-telephones-mobiles\/"},"modified":"2024-04-18T13:36:04","modified_gmt":"2024-04-18T13:36:04","slug":"renseignement-de-telephones-mobiles","status":"publish","type":"page","link":"https:\/\/www.thedetective.ch\/fr\/renseignement-de-telephones-mobiles\/","title":{"rendered":"Renseignement de t\u00e9l\u00e9phones mobiles"},"content":{"rendered":"\t\t<div data-elementor-type=\"wp-page\" data-elementor-id=\"3614\" class=\"elementor elementor-3614 elementor-2239\">\n\t\t\t\t\t\t<section class=\"elementor-section elementor-top-section elementor-element elementor-element-42965117 elementor-section-full_width elementor-section-height-default elementor-section-height-default\" data-id=\"42965117\" data-element_type=\"section\" data-e-type=\"section\">\n\t\t\t\t\t\t<div class=\"elementor-container elementor-column-gap-no\">\n\t\t\t\t\t<div class=\"elementor-column elementor-col-100 elementor-top-column elementor-element elementor-element-34f6c9e6\" data-id=\"34f6c9e6\" data-element_type=\"column\" data-e-type=\"column\">\n\t\t\t<div class=\"elementor-widget-wrap elementor-element-populated\">\n\t\t\t\t\t\t<div class=\"elementor-element elementor-element-623bdd09 elementor-widget elementor-widget-service_details_content\" data-id=\"623bdd09\" data-element_type=\"widget\" data-e-type=\"widget\" data-widget_type=\"service_details_content.default\">\n\t\t\t\t<div class=\"elementor-widget-container\">\n\t\t\t\t\t\r\n        <div class=\"content-one\">\r\n            <figure class=\"image-box\">\r\n                <img fetchpriority=\"high\" decoding=\"async\" width=\"1024\" height=\"768\" src=\"https:\/\/i0.wp.com\/www.thedetective.ch\/wp-content\/uploads\/2024\/01\/mobile-phone-intelligence.jpg?fit=1024%2C768&amp;ssl=1\" class=\"attachment-full size-full\" alt=\"mobile phone intelligence\" \/>                <div class=\"category-box\">\r\n                    <div class=\"category\">\r\n                        <span>Enqu\u00eates familiales<\/span>\r\n                        <div class=\"shape shape-1\"><\/div>\r\n                        <div class=\"shape shape-2\"><\/div>\r\n                        <div class=\"shape shape-3\"><\/div>\r\n                        <div class=\"shape shape-4\"><\/div>\r\n                    <\/div>\r\n                <\/div>\r\n            <\/figure>\r\n            <h2>Renseignements de t\u00e9l\u00e9phones mobiles <\/h2>\r\n            <div class=\"text\">\r\n                <p>Lorsque vous soup\u00e7onnez que quelque chose ne va pas chez votre enfant et que vous voulez savoir si le cellulaire peut parler...\n<\/p>            <\/div>\r\n            <div class=\"inner-box\">\r\n                <div class=\"row clearfix\">\r\n                                            <div class=\"col-lg-6 col-md-6 col-sm-12 column\">\r\n                            <div class=\"single-item\">\r\n                                <h4><span>01 - <\/span>Discr\u00e9tion<\/h4>\r\n                            <\/div>\r\n                        <\/div>\r\n                                            <div class=\"col-lg-6 col-md-6 col-sm-12 column\">\r\n                            <div class=\"single-item\">\r\n                                <h4><span>02 - <\/span>Collecte de preuves<\/h4>\r\n                            <\/div>\r\n                        <\/div>\r\n                                    <\/div>\r\n            <\/div>\r\n        <\/div>\r\n\t\t\t\t<\/div>\n\t\t\t\t<\/div>\n\t\t\t\t\t<\/div>\n\t\t<\/div>\n\t\t\t\t\t<\/div>\n\t\t<\/section>\n\t\t<div class=\"elementor-element elementor-element-b436198 e-flex e-con-boxed e-con e-parent\" data-id=\"b436198\" data-element_type=\"container\" data-e-type=\"container\">\n\t\t\t\t\t<div class=\"e-con-inner\">\n\t\t\t\t<div class=\"elementor-element elementor-element-04b74a8 elementor-widget elementor-widget-spacer\" data-id=\"04b74a8\" data-element_type=\"widget\" data-e-type=\"widget\" data-widget_type=\"spacer.default\">\n\t\t\t\t<div class=\"elementor-widget-container\">\n\t\t\t\t\t\t\t<div class=\"elementor-spacer\">\n\t\t\t<div class=\"elementor-spacer-inner\"><\/div>\n\t\t<\/div>\n\t\t\t\t\t\t<\/div>\n\t\t\t\t<\/div>\n\t\t\t\t\t<\/div>\n\t\t\t\t<\/div>\n\t\t\t\t<section class=\"elementor-section elementor-top-section elementor-element elementor-element-7599d59 elementor-section-full_width elementor-section-height-default elementor-section-height-default\" data-id=\"7599d59\" data-element_type=\"section\" data-e-type=\"section\">\n\t\t\t\t\t\t<div class=\"elementor-container elementor-column-gap-no\">\n\t\t\t\t\t<div class=\"elementor-column elementor-col-100 elementor-top-column elementor-element elementor-element-ebcc9ae\" data-id=\"ebcc9ae\" data-element_type=\"column\" data-e-type=\"column\">\n\t\t\t<div class=\"elementor-widget-wrap elementor-element-populated\">\n\t\t\t\t\t\t<div class=\"elementor-element elementor-element-c396e89 elementor-widget elementor-widget-service_two_column\" data-id=\"c396e89\" data-element_type=\"widget\" data-e-type=\"widget\" data-widget_type=\"service_two_column.default\">\n\t\t\t\t<div class=\"elementor-widget-container\">\n\t\t\t\t\t        <div class=\"two-column\">\r\n            <div class=\"row clearfix\">\r\n                <div class=\"col-lg-6 col-md-6 col-sm-12 text-column\">\r\n                    <div class=\"text\">\r\n                        <h3>Pourquoi faire appel \u00e0 nous ?<\/h3>\r\n                        <h4>Parce qu'un bon d\u00e9tective est un vieux d\u00e9tective !<\/h4>\r\n                        <ul class=\"list-item clearfix\">\r\n                             <li>100% confidentiel<\/li>\n <li>Tarifs abordables<\/li>\n  <li>Plus de 33 ans d'exp\u00e9rience<\/li>\n  <li>Des connexions internationales<\/li>                        <\/ul>\r\n                    <\/div>\r\n                <\/div>\r\n                <div class=\"col-lg-6 col-md-6 col-sm-12 image-column\">\r\n                    <figure class=\"image-box\">\r\n                        <img decoding=\"async\" width=\"370\" height=\"328\" src=\"https:\/\/i0.wp.com\/www.thedetective.ch\/wp-content\/uploads\/2021\/03\/service-8.jpg?fit=370%2C328&amp;ssl=1\" class=\"attachment-full size-full\" alt=\"\" \/>                    <\/figure>\r\n                <\/div>\r\n            <\/div>\r\n        <\/div>\r\n\t\t\t\t<\/div>\n\t\t\t\t<\/div>\n\t\t\t\t\t<\/div>\n\t\t<\/div>\n\t\t\t\t\t<\/div>\n\t\t<\/section>\n\t\t\t\t<\/div>\n\t\t","protected":false},"excerpt":{"rendered":"<p>Enqu\u00eates familiales Renseignements de t\u00e9l\u00e9phones mobiles Lorsque vous soup\u00e7onnez que quelque chose ne va pas chez votre enfant et que vous voulez savoir si le cellulaire peut parler&#8230; 01 &#8211; Discr\u00e9tion 02 &#8211; Collecte de preuves Pourquoi faire appel \u00e0 nous ? Parce qu&rsquo;un bon d\u00e9tective est un vieux d\u00e9tective ! 100% confidentiel Tarifs abordables [&hellip;]<\/p>\n","protected":false},"author":2,"featured_media":2986,"parent":0,"menu_order":0,"comment_status":"closed","ping_status":"closed","template":"","meta":{"footnotes":""},"class_list":["post-3614","page","type-page","status-publish","has-post-thumbnail","hentry"],"yoast_head":"<!-- This site is optimized with the Yoast SEO plugin v27.3 - https:\/\/yoast.com\/product\/yoast-seo-wordpress\/ -->\n<title>Renseignement de t\u00e9l\u00e9phones mobiles - The Detective<\/title>\n<meta name=\"description\" content=\"Vous avez besoin de faire parler un t\u00e9l\u00e9phone mobile et d&#039;obtenir les renseignements et informations contenues comme \u00e9l\u00e9ments de preuves\" \/>\n<meta name=\"robots\" content=\"index, follow, max-snippet:-1, max-image-preview:large, max-video-preview:-1\" \/>\n<link rel=\"canonical\" href=\"https:\/\/www.thedetective.ch\/fr\/renseignement-de-telephones-mobiles\/\" \/>\n<meta property=\"og:locale\" content=\"fr_FR\" \/>\n<meta property=\"og:type\" content=\"article\" \/>\n<meta property=\"og:title\" content=\"Renseignement de t\u00e9l\u00e9phones mobiles - The Detective\" \/>\n<meta property=\"og:description\" content=\"Vous avez besoin de faire parler un t\u00e9l\u00e9phone mobile et d&#039;obtenir les renseignements et informations contenues comme \u00e9l\u00e9ments de preuves\" \/>\n<meta property=\"og:url\" content=\"https:\/\/www.thedetective.ch\/fr\/renseignement-de-telephones-mobiles\/\" \/>\n<meta property=\"og:site_name\" content=\"The Detective\" \/>\n<meta property=\"article:modified_time\" content=\"2024-04-18T13:36:04+00:00\" \/>\n<meta property=\"og:image\" content=\"https:\/\/www.thedetective.ch\/wp-content\/uploads\/2021\/03\/page-title.jpg\" \/>\n\t<meta property=\"og:image:width\" content=\"1600\" \/>\n\t<meta property=\"og:image:height\" content=\"373\" \/>\n\t<meta property=\"og:image:type\" content=\"image\/jpeg\" \/>\n<meta name=\"twitter:card\" content=\"summary_large_image\" \/>\n<meta name=\"twitter:label1\" content=\"Dur\u00e9e de lecture estim\u00e9e\" \/>\n\t<meta name=\"twitter:data1\" content=\"1 minute\" \/>\n<script type=\"application\/ld+json\" class=\"yoast-schema-graph\">{\"@context\":\"https:\\\/\\\/schema.org\",\"@graph\":[{\"@type\":\"WebPage\",\"@id\":\"https:\\\/\\\/www.thedetective.ch\\\/fr\\\/renseignement-de-telephones-mobiles\\\/\",\"url\":\"https:\\\/\\\/www.thedetective.ch\\\/fr\\\/renseignement-de-telephones-mobiles\\\/\",\"name\":\"Renseignement de t\u00e9l\u00e9phones mobiles - The Detective\",\"isPartOf\":{\"@id\":\"https:\\\/\\\/www.thedetective.ch\\\/fr\\\/#website\"},\"primaryImageOfPage\":{\"@id\":\"https:\\\/\\\/www.thedetective.ch\\\/fr\\\/renseignement-de-telephones-mobiles\\\/#primaryimage\"},\"image\":{\"@id\":\"https:\\\/\\\/www.thedetective.ch\\\/fr\\\/renseignement-de-telephones-mobiles\\\/#primaryimage\"},\"thumbnailUrl\":\"https:\\\/\\\/i0.wp.com\\\/www.thedetective.ch\\\/wp-content\\\/uploads\\\/2021\\\/03\\\/page-title.jpg?fit=1600%2C373&ssl=1\",\"datePublished\":\"2023-12-15T11:58:21+00:00\",\"dateModified\":\"2024-04-18T13:36:04+00:00\",\"description\":\"Vous avez besoin de faire parler un t\u00e9l\u00e9phone mobile et d'obtenir les renseignements et informations contenues comme \u00e9l\u00e9ments de preuves\",\"breadcrumb\":{\"@id\":\"https:\\\/\\\/www.thedetective.ch\\\/fr\\\/renseignement-de-telephones-mobiles\\\/#breadcrumb\"},\"inLanguage\":\"fr-FR\",\"potentialAction\":[{\"@type\":\"ReadAction\",\"target\":[\"https:\\\/\\\/www.thedetective.ch\\\/fr\\\/renseignement-de-telephones-mobiles\\\/\"]}]},{\"@type\":\"ImageObject\",\"inLanguage\":\"fr-FR\",\"@id\":\"https:\\\/\\\/www.thedetective.ch\\\/fr\\\/renseignement-de-telephones-mobiles\\\/#primaryimage\",\"url\":\"https:\\\/\\\/i0.wp.com\\\/www.thedetective.ch\\\/wp-content\\\/uploads\\\/2021\\\/03\\\/page-title.jpg?fit=1600%2C373&ssl=1\",\"contentUrl\":\"https:\\\/\\\/i0.wp.com\\\/www.thedetective.ch\\\/wp-content\\\/uploads\\\/2021\\\/03\\\/page-title.jpg?fit=1600%2C373&ssl=1\",\"width\":1600,\"height\":373},{\"@type\":\"BreadcrumbList\",\"@id\":\"https:\\\/\\\/www.thedetective.ch\\\/fr\\\/renseignement-de-telephones-mobiles\\\/#breadcrumb\",\"itemListElement\":[{\"@type\":\"ListItem\",\"position\":1,\"name\":\"Home\",\"item\":\"https:\\\/\\\/www.thedetective.ch\\\/fr\\\/\"},{\"@type\":\"ListItem\",\"position\":2,\"name\":\"Renseignement de t\u00e9l\u00e9phones mobiles\"}]},{\"@type\":\"WebSite\",\"@id\":\"https:\\\/\\\/www.thedetective.ch\\\/fr\\\/#website\",\"url\":\"https:\\\/\\\/www.thedetective.ch\\\/fr\\\/\",\"name\":\"The Detective\",\"description\":\"LIP\",\"publisher\":{\"@id\":\"https:\\\/\\\/www.thedetective.ch\\\/fr\\\/#organization\"},\"alternateName\":\"LAMARCHE PRIVATE INVESTIGATIONS\",\"potentialAction\":[{\"@type\":\"SearchAction\",\"target\":{\"@type\":\"EntryPoint\",\"urlTemplate\":\"https:\\\/\\\/www.thedetective.ch\\\/fr\\\/?s={search_term_string}\"},\"query-input\":{\"@type\":\"PropertyValueSpecification\",\"valueRequired\":true,\"valueName\":\"search_term_string\"}}],\"inLanguage\":\"fr-FR\"},{\"@type\":\"Organization\",\"@id\":\"https:\\\/\\\/www.thedetective.ch\\\/fr\\\/#organization\",\"name\":\"LIP - Lamarche Investigations Priv\u00e9es\",\"url\":\"https:\\\/\\\/www.thedetective.ch\\\/fr\\\/\",\"logo\":{\"@type\":\"ImageObject\",\"inLanguage\":\"fr-FR\",\"@id\":\"https:\\\/\\\/www.thedetective.ch\\\/fr\\\/#\\\/schema\\\/logo\\\/image\\\/\",\"url\":\"https:\\\/\\\/i0.wp.com\\\/www.thedetective.ch\\\/wp-content\\\/uploads\\\/2025\\\/04\\\/LIP250.png?fit=250%2C250&ssl=1\",\"contentUrl\":\"https:\\\/\\\/i0.wp.com\\\/www.thedetective.ch\\\/wp-content\\\/uploads\\\/2025\\\/04\\\/LIP250.png?fit=250%2C250&ssl=1\",\"width\":250,\"height\":250,\"caption\":\"LIP - Lamarche Investigations Priv\u00e9es\"},\"image\":{\"@id\":\"https:\\\/\\\/www.thedetective.ch\\\/fr\\\/#\\\/schema\\\/logo\\\/image\\\/\"},\"sameAs\":[\"https:\\\/\\\/ch.linkedin.com\\\/in\\\/philippe-lamarche-3b0b8b146\"]}]}<\/script>\n<!-- \/ Yoast SEO plugin. -->","yoast_head_json":{"title":"Renseignement de t\u00e9l\u00e9phones mobiles - The Detective","description":"Vous avez besoin de faire parler un t\u00e9l\u00e9phone mobile et d'obtenir les renseignements et informations contenues comme \u00e9l\u00e9ments de preuves","robots":{"index":"index","follow":"follow","max-snippet":"max-snippet:-1","max-image-preview":"max-image-preview:large","max-video-preview":"max-video-preview:-1"},"canonical":"https:\/\/www.thedetective.ch\/fr\/renseignement-de-telephones-mobiles\/","og_locale":"fr_FR","og_type":"article","og_title":"Renseignement de t\u00e9l\u00e9phones mobiles - The Detective","og_description":"Vous avez besoin de faire parler un t\u00e9l\u00e9phone mobile et d'obtenir les renseignements et informations contenues comme \u00e9l\u00e9ments de preuves","og_url":"https:\/\/www.thedetective.ch\/fr\/renseignement-de-telephones-mobiles\/","og_site_name":"The Detective","article_modified_time":"2024-04-18T13:36:04+00:00","og_image":[{"width":1600,"height":373,"url":"https:\/\/www.thedetective.ch\/wp-content\/uploads\/2021\/03\/page-title.jpg","type":"image\/jpeg"}],"twitter_card":"summary_large_image","twitter_misc":{"Dur\u00e9e de lecture estim\u00e9e":"1 minute"},"schema":{"@context":"https:\/\/schema.org","@graph":[{"@type":"WebPage","@id":"https:\/\/www.thedetective.ch\/fr\/renseignement-de-telephones-mobiles\/","url":"https:\/\/www.thedetective.ch\/fr\/renseignement-de-telephones-mobiles\/","name":"Renseignement de t\u00e9l\u00e9phones mobiles - The Detective","isPartOf":{"@id":"https:\/\/www.thedetective.ch\/fr\/#website"},"primaryImageOfPage":{"@id":"https:\/\/www.thedetective.ch\/fr\/renseignement-de-telephones-mobiles\/#primaryimage"},"image":{"@id":"https:\/\/www.thedetective.ch\/fr\/renseignement-de-telephones-mobiles\/#primaryimage"},"thumbnailUrl":"https:\/\/i0.wp.com\/www.thedetective.ch\/wp-content\/uploads\/2021\/03\/page-title.jpg?fit=1600%2C373&ssl=1","datePublished":"2023-12-15T11:58:21+00:00","dateModified":"2024-04-18T13:36:04+00:00","description":"Vous avez besoin de faire parler un t\u00e9l\u00e9phone mobile et d'obtenir les renseignements et informations contenues comme \u00e9l\u00e9ments de preuves","breadcrumb":{"@id":"https:\/\/www.thedetective.ch\/fr\/renseignement-de-telephones-mobiles\/#breadcrumb"},"inLanguage":"fr-FR","potentialAction":[{"@type":"ReadAction","target":["https:\/\/www.thedetective.ch\/fr\/renseignement-de-telephones-mobiles\/"]}]},{"@type":"ImageObject","inLanguage":"fr-FR","@id":"https:\/\/www.thedetective.ch\/fr\/renseignement-de-telephones-mobiles\/#primaryimage","url":"https:\/\/i0.wp.com\/www.thedetective.ch\/wp-content\/uploads\/2021\/03\/page-title.jpg?fit=1600%2C373&ssl=1","contentUrl":"https:\/\/i0.wp.com\/www.thedetective.ch\/wp-content\/uploads\/2021\/03\/page-title.jpg?fit=1600%2C373&ssl=1","width":1600,"height":373},{"@type":"BreadcrumbList","@id":"https:\/\/www.thedetective.ch\/fr\/renseignement-de-telephones-mobiles\/#breadcrumb","itemListElement":[{"@type":"ListItem","position":1,"name":"Home","item":"https:\/\/www.thedetective.ch\/fr\/"},{"@type":"ListItem","position":2,"name":"Renseignement de t\u00e9l\u00e9phones mobiles"}]},{"@type":"WebSite","@id":"https:\/\/www.thedetective.ch\/fr\/#website","url":"https:\/\/www.thedetective.ch\/fr\/","name":"The Detective","description":"LIP","publisher":{"@id":"https:\/\/www.thedetective.ch\/fr\/#organization"},"alternateName":"LAMARCHE PRIVATE INVESTIGATIONS","potentialAction":[{"@type":"SearchAction","target":{"@type":"EntryPoint","urlTemplate":"https:\/\/www.thedetective.ch\/fr\/?s={search_term_string}"},"query-input":{"@type":"PropertyValueSpecification","valueRequired":true,"valueName":"search_term_string"}}],"inLanguage":"fr-FR"},{"@type":"Organization","@id":"https:\/\/www.thedetective.ch\/fr\/#organization","name":"LIP - Lamarche Investigations Priv\u00e9es","url":"https:\/\/www.thedetective.ch\/fr\/","logo":{"@type":"ImageObject","inLanguage":"fr-FR","@id":"https:\/\/www.thedetective.ch\/fr\/#\/schema\/logo\/image\/","url":"https:\/\/i0.wp.com\/www.thedetective.ch\/wp-content\/uploads\/2025\/04\/LIP250.png?fit=250%2C250&ssl=1","contentUrl":"https:\/\/i0.wp.com\/www.thedetective.ch\/wp-content\/uploads\/2025\/04\/LIP250.png?fit=250%2C250&ssl=1","width":250,"height":250,"caption":"LIP - Lamarche Investigations Priv\u00e9es"},"image":{"@id":"https:\/\/www.thedetective.ch\/fr\/#\/schema\/logo\/image\/"},"sameAs":["https:\/\/ch.linkedin.com\/in\/philippe-lamarche-3b0b8b146"]}]}},"jetpack_sharing_enabled":true,"_links":{"self":[{"href":"https:\/\/www.thedetective.ch\/fr\/wp-json\/wp\/v2\/pages\/3614","targetHints":{"allow":["GET"]}}],"collection":[{"href":"https:\/\/www.thedetective.ch\/fr\/wp-json\/wp\/v2\/pages"}],"about":[{"href":"https:\/\/www.thedetective.ch\/fr\/wp-json\/wp\/v2\/types\/page"}],"author":[{"embeddable":true,"href":"https:\/\/www.thedetective.ch\/fr\/wp-json\/wp\/v2\/users\/2"}],"replies":[{"embeddable":true,"href":"https:\/\/www.thedetective.ch\/fr\/wp-json\/wp\/v2\/comments?post=3614"}],"version-history":[{"count":0,"href":"https:\/\/www.thedetective.ch\/fr\/wp-json\/wp\/v2\/pages\/3614\/revisions"}],"wp:featuredmedia":[{"embeddable":true,"href":"https:\/\/www.thedetective.ch\/fr\/wp-json\/wp\/v2\/media\/2986"}],"wp:attachment":[{"href":"https:\/\/www.thedetective.ch\/fr\/wp-json\/wp\/v2\/media?parent=3614"}],"curies":[{"name":"wp","href":"https:\/\/api.w.org\/{rel}","templated":true}]}}